{"id":506,"date":"2020-05-31T22:50:41","date_gmt":"2020-05-31T22:50:41","guid":{"rendered":"https:\/\/brigittaspromise.org\/contact\/"},"modified":"2022-10-26T11:18:53","modified_gmt":"2022-10-26T11:18:53","slug":"contact","status":"publish","type":"page","link":"https:\/\/brigittaspromise.org\/lv\/par\/contact\/","title":{"rendered":"Kontaktinform\u0101cija"},"content":{"rendered":"<h2 class=\"title gold mb-4\">Cik jauki, ka v\u0113lies ar mums sazin\u0101ties<\/h2>\n<p class=\"\">Izmanto \u0161o formu, lai sazin\u0101tos .<\/p>\n\n<div class=\"wpcf7 no-js\" id=\"wpcf7-f820-o1\" lang=\"lv-LV\" dir=\"ltr\">\n<div class=\"screen-reader-response\"><p role=\"status\" aria-live=\"polite\" aria-atomic=\"true\"><\/p> <ul><\/ul><\/div>\n<form action=\"\/lv\/wp-json\/wp\/v2\/pages\/506#wpcf7-f820-o1\" method=\"post\" class=\"wpcf7-form init\" aria-label=\"Contact form\" novalidate=\"novalidate\" data-status=\"init\">\n<div style=\"display: none;\">\n<input type=\"hidden\" name=\"_wpcf7\" value=\"820\" \/>\n<input type=\"hidden\" name=\"_wpcf7_version\" value=\"5.8.4\" \/>\n<input type=\"hidden\" name=\"_wpcf7_locale\" value=\"lv_LV\" \/>\n<input type=\"hidden\" name=\"_wpcf7_unit_tag\" value=\"wpcf7-f820-o1\" \/>\n<input type=\"hidden\" name=\"_wpcf7_container_post\" value=\"0\" \/>\n<input type=\"hidden\" name=\"_wpcf7_posted_data_hash\" value=\"\" \/>\n<input type=\"hidden\" name=\"_wpcf7_recaptcha_response\" value=\"\" \/>\n<\/div>\n<div class=\"row\">\n\t<div class=\"col-md-4 col-sm-12 col-12\">\n\t\t<p><span class=\"wpcf7-form-control-wrap\" data-name=\"firstname\"><input size=\"40\" class=\"wpcf7-form-control wpcf7-text wpcf7-validates-as-required form-control\" aria-required=\"true\" aria-invalid=\"false\" placeholder=\"v\u0101rds\" value=\"\" type=\"text\" name=\"firstname\" \/><\/span>\n\t\t<\/p>\n\t<\/div>\n\t<div class=\"col-md-8 col-sm-12 col-12\">\n\t\t<p><span class=\"wpcf7-form-control-wrap\" data-name=\"lastname\"><input size=\"40\" class=\"wpcf7-form-control wpcf7-text wpcf7-validates-as-required form-control\" aria-required=\"true\" aria-invalid=\"false\" placeholder=\"uzv\u0101rds\" value=\"\" type=\"text\" name=\"lastname\" \/><\/span>\n\t\t<\/p>\n\t<\/div>\n\t<div class=\"col-12\">\n\t\t<p><span class=\"wpcf7-form-control-wrap\" data-name=\"subject\"><input size=\"40\" class=\"wpcf7-form-control wpcf7-text wpcf7-validates-as-required form-control\" aria-required=\"true\" aria-invalid=\"false\" placeholder=\"T\u0113ma\" value=\"\" type=\"text\" name=\"subject\" \/><\/span>\n\t\t<\/p>\n\t<\/div>\n<\/div>\n<div class=\"row\">\n\t<div class=\"col-12\">\n\t\t<p><span class=\"wpcf7-form-control-wrap\" data-name=\"message\"><textarea cols=\"40\" rows=\"10\" class=\"wpcf7-form-control wpcf7-textarea form-control\" aria-invalid=\"false\" placeholder=\"zi\u0146a\" name=\"message\"><\/textarea><\/span>\n\t\t<\/p>\n\t<\/div>\n\t<div class=\"col-12\">\n\t\t<p><input class=\"wpcf7-form-control wpcf7-submit has-spinner btn btn-primary mb-0\" type=\"submit\" value=\"iesniegt\" \/>\n\t\t<\/p>\n\t<\/div>\n<\/div><div class=\"wpcf7-response-output\" aria-hidden=\"true\"><\/div>\n<\/form>\n<\/div>\n\n","protected":false},"excerpt":{"rendered":"<p>Cik jauki, ka v\u0113lies ar mums sazin\u0101ties Izmanto \u0161o formu, lai sazin\u0101tos .<\/p>\n","protected":false},"author":1,"featured_media":0,"parent":508,"menu_order":0,"comment_status":"closed","ping_status":"closed","template":"","meta":{"footnotes":""},"class_list":["post-506","page","type-page","status-publish","hentry"],"acf":[],"yoast_head":"<!-- This site is optimized with the Yoast SEO plugin v21.6 - https:\/\/yoast.com\/wordpress\/plugins\/seo\/ -->\n<title>Kontaktinform\u0101cija - brigitta&#039;s Promise<\/title>\n<meta name=\"robots\" content=\"index, follow, max-snippet:-1, max-image-preview:large, max-video-preview:-1\" \/>\n<link rel=\"canonical\" href=\"https:\/\/brigittaspromise.org\/lv\/par\/contact\/\" \/>\n<meta property=\"og:locale\" content=\"lv_LV\" \/>\n<meta property=\"og:type\" content=\"article\" \/>\n<meta property=\"og:title\" content=\"Kontaktinform\u0101cija - brigitta&#039;s Promise\" \/>\n<meta property=\"og:description\" content=\"Cik jauki, ka v\u0113lies ar mums sazin\u0101ties Izmanto \u0161o formu, lai sazin\u0101tos .\" \/>\n<meta property=\"og:url\" content=\"https:\/\/brigittaspromise.org\/lv\/par\/contact\/\" \/>\n<meta property=\"og:site_name\" content=\"brigitta&#039;s Promise\" \/>\n<meta property=\"article:modified_time\" content=\"2022-10-26T11:18:53+00:00\" \/>\n<meta property=\"og:image\" content=\"https:\/\/brigittaspromise.org\/wp-content\/uploads\/2021\/07\/brigittas_share.jpg\" \/>\n\t<meta property=\"og:image:width\" content=\"1200\" \/>\n\t<meta property=\"og:image:height\" content=\"630\" \/>\n\t<meta property=\"og:image:type\" content=\"image\/jpeg\" \/>\n<meta name=\"twitter:card\" content=\"summary_large_image\" \/>\n<meta name=\"twitter:label1\" content=\"Est. reading time\" \/>\n\t<meta name=\"twitter:data1\" content=\"1 minute\" \/>\n<script type=\"application\/ld+json\" class=\"yoast-schema-graph\">{\"@context\":\"https:\/\/schema.org\",\"@graph\":[{\"@type\":\"WebPage\",\"@id\":\"https:\/\/brigittaspromise.org\/lv\/par\/contact\/\",\"url\":\"https:\/\/brigittaspromise.org\/lv\/par\/contact\/\",\"name\":\"Kontaktinform\u0101cija - brigitta&#039;s Promise\",\"isPartOf\":{\"@id\":\"https:\/\/brigittaspromise.org\/lv\/#website\"},\"datePublished\":\"2020-05-31T22:50:41+00:00\",\"dateModified\":\"2022-10-26T11:18:53+00:00\",\"breadcrumb\":{\"@id\":\"https:\/\/brigittaspromise.org\/lv\/par\/contact\/#breadcrumb\"},\"inLanguage\":\"lv-LV\",\"potentialAction\":[{\"@type\":\"ReadAction\",\"target\":[\"https:\/\/brigittaspromise.org\/lv\/par\/contact\/\"]}]},{\"@type\":\"BreadcrumbList\",\"@id\":\"https:\/\/brigittaspromise.org\/lv\/par\/contact\/#breadcrumb\",\"itemListElement\":[{\"@type\":\"ListItem\",\"position\":1,\"name\":\"S\u0101kums\",\"item\":\"https:\/\/brigittaspromise.org\/lv\/\"},{\"@type\":\"ListItem\",\"position\":2,\"name\":\"PAR\",\"item\":\"https:\/\/brigittaspromise.org\/lv\/par\/\"},{\"@type\":\"ListItem\",\"position\":3,\"name\":\"Kontaktinform\u0101cija\"}]},{\"@type\":\"WebSite\",\"@id\":\"https:\/\/brigittaspromise.org\/lv\/#website\",\"url\":\"https:\/\/brigittaspromise.org\/lv\/\",\"name\":\"brigitta&#039;s Promise\",\"description\":\"\",\"potentialAction\":[{\"@type\":\"SearchAction\",\"target\":{\"@type\":\"EntryPoint\",\"urlTemplate\":\"https:\/\/brigittaspromise.org\/lv\/?s={search_term_string}\"},\"query-input\":\"required name=search_term_string\"}],\"inLanguage\":\"lv-LV\"}]}<\/script>\n<!-- \/ Yoast SEO plugin. -->","yoast_head_json":{"title":"Kontaktinform\u0101cija - brigitta&#039;s Promise","robots":{"index":"index","follow":"follow","max-snippet":"max-snippet:-1","max-image-preview":"max-image-preview:large","max-video-preview":"max-video-preview:-1"},"canonical":"https:\/\/brigittaspromise.org\/lv\/par\/contact\/","og_locale":"lv_LV","og_type":"article","og_title":"Kontaktinform\u0101cija - brigitta&#039;s Promise","og_description":"Cik jauki, ka v\u0113lies ar mums sazin\u0101ties Izmanto \u0161o formu, lai sazin\u0101tos .","og_url":"https:\/\/brigittaspromise.org\/lv\/par\/contact\/","og_site_name":"brigitta&#039;s Promise","article_modified_time":"2022-10-26T11:18:53+00:00","og_image":[{"width":1200,"height":630,"url":"https:\/\/brigittaspromise.org\/wp-content\/uploads\/2021\/07\/brigittas_share.jpg","type":"image\/jpeg"}],"twitter_card":"summary_large_image","twitter_misc":{"Est. reading time":"1 minute"},"schema":{"@context":"https:\/\/schema.org","@graph":[{"@type":"WebPage","@id":"https:\/\/brigittaspromise.org\/lv\/par\/contact\/","url":"https:\/\/brigittaspromise.org\/lv\/par\/contact\/","name":"Kontaktinform\u0101cija - brigitta&#039;s Promise","isPartOf":{"@id":"https:\/\/brigittaspromise.org\/lv\/#website"},"datePublished":"2020-05-31T22:50:41+00:00","dateModified":"2022-10-26T11:18:53+00:00","breadcrumb":{"@id":"https:\/\/brigittaspromise.org\/lv\/par\/contact\/#breadcrumb"},"inLanguage":"lv-LV","potentialAction":[{"@type":"ReadAction","target":["https:\/\/brigittaspromise.org\/lv\/par\/contact\/"]}]},{"@type":"BreadcrumbList","@id":"https:\/\/brigittaspromise.org\/lv\/par\/contact\/#breadcrumb","itemListElement":[{"@type":"ListItem","position":1,"name":"S\u0101kums","item":"https:\/\/brigittaspromise.org\/lv\/"},{"@type":"ListItem","position":2,"name":"PAR","item":"https:\/\/brigittaspromise.org\/lv\/par\/"},{"@type":"ListItem","position":3,"name":"Kontaktinform\u0101cija"}]},{"@type":"WebSite","@id":"https:\/\/brigittaspromise.org\/lv\/#website","url":"https:\/\/brigittaspromise.org\/lv\/","name":"brigitta&#039;s Promise","description":"","potentialAction":[{"@type":"SearchAction","target":{"@type":"EntryPoint","urlTemplate":"https:\/\/brigittaspromise.org\/lv\/?s={search_term_string}"},"query-input":"required name=search_term_string"}],"inLanguage":"lv-LV"}]}},"_links":{"self":[{"href":"https:\/\/brigittaspromise.org\/lv\/wp-json\/wp\/v2\/pages\/506","targetHints":{"allow":["GET"]}}],"collection":[{"href":"https:\/\/brigittaspromise.org\/lv\/wp-json\/wp\/v2\/pages"}],"about":[{"href":"https:\/\/brigittaspromise.org\/lv\/wp-json\/wp\/v2\/types\/page"}],"author":[{"embeddable":true,"href":"https:\/\/brigittaspromise.org\/lv\/wp-json\/wp\/v2\/users\/1"}],"replies":[{"embeddable":true,"href":"https:\/\/brigittaspromise.org\/lv\/wp-json\/wp\/v2\/comments?post=506"}],"version-history":[{"count":0,"href":"https:\/\/brigittaspromise.org\/lv\/wp-json\/wp\/v2\/pages\/506\/revisions"}],"up":[{"embeddable":true,"href":"https:\/\/brigittaspromise.org\/lv\/wp-json\/wp\/v2\/pages\/508"}],"wp:attachment":[{"href":"https:\/\/brigittaspromise.org\/lv\/wp-json\/wp\/v2\/media?parent=506"}],"curies":[{"name":"wp","href":"https:\/\/api.w.org\/{rel}","templated":true}]}}