{"id":503,"date":"2020-05-31T22:47:20","date_gmt":"2020-05-31T22:47:20","guid":{"rendered":"https:\/\/brigittaspromise.org\/brigittas-story\/"},"modified":"2024-09-30T14:24:31","modified_gmt":"2024-09-30T14:24:31","slug":"brigittas-story","status":"publish","type":"page","link":"https:\/\/brigittaspromise.org\/lv\/par\/brigittas-story\/","title":{"rendered":"Brigitas st\u0101sts"},"content":{"rendered":"<h2 class=\"title gold mb-4\">80 gadus tur\u0113ts sol\u012bjums.<\/h2>\n<p class=\"intro\">St\u0101sts par Brigitta\u2019s Promise s\u0101kas 1929. gad\u0101 Liep\u0101j\u0101, kad dzima Brigita Mikarta.<\/p>\n<p class=\"intro\">Brigita ir dzimusi tipisk\u0101 str\u0101dnieku \u0123imen\u0113. Vi\u0146as t\u0113vs bija elektri\u0137is un br\u012bvpr\u0101t\u012bgais ugunsdz\u0113s\u0113js. Brigita kop\u0101 ar \u0123imeni baud\u012bja laim\u012bgu b\u0113rn\u012bbu Liep\u0101jas ostas pils\u0113t\u0101, kad 1940. gad\u0101 Padomju Savien\u012bba p\u0113k\u0161\u0146i iebruka un okup\u0113ja Latviju. Padomju vara izs\u016bt\u012bja uz Sib\u012briju 15 000 l\u012bdz 30 000 cilv\u0113ku, kurus uzskat\u012bja par ietekm\u012bgiem cilv\u0113kiem (vald\u012bbas ier\u0113d\u0146i, uz\u0146\u0113m\u0113ji, pedagogi utt.). Kad tikai gadu v\u0113l\u0101k V\u0101cija padzina padomju varu, v\u0101cie\u0161i tika uz\u0146emti k\u0101 atbr\u012bvot\u0101ji. Diem\u017e\u0113l, v\u0101cie\u0161i iztur\u0113j\u0101s pret latvie\u0161iem gandr\u012bz tikpat slikti k\u0101 padomju vara.<\/p>\n<p class=\"intro\">Tie\u0161i 1944. gad\u0101 sakaut\u0101 v\u0101cu armija bija spiesta atk\u0101pties uz savu dzimteni un daudziem latvie\u0161iem bija j\u0101izlemj &#8211; palikt un dz\u012bvot padomju var\u0101 vai atk\u0101pties kop\u0101 ar v\u0101cie\u0161iem ar cer\u012bbu uz lab\u0101ku n\u0101kotni sabiedroto okup\u0101cijas laik\u0101. K\u0101 elektri\u0137is, kur\u0161 str\u0101d\u0101 Liep\u0101jas elektrostacij\u0101, Brigitas t\u0113vs no viet\u0113j\u0101 v\u0101cu milit\u0101r\u0101 komandiera sa\u0146\u0113ma r\u012bkojumus uzspridzin\u0101t viet\u0113jo elektrostaciju, lai padomju vara to nevar\u0113tu izmantot. Vi\u0146\u0161 atteic\u0101s to dar\u012bt un t\u0101 viet\u0101 izmantoja br\u012bvpr\u0101t\u012bg\u0101 ugunsdz\u0113s\u0113ja amatu, lai p\u0101r\u0146emtu sav\u0101 \u012bpa\u0161um\u0101 ugunsdz\u0113s\u0113ju ma\u0161\u012bnu ar kuru vi\u0146\u0161 dev\u0101s uz laukiem, kur Brigita un vi\u0146as m\u0101sa dz\u012bvoja sam\u0113r\u0101 dro\u0161i. Sl\u0113pjot savus b\u0113rnus zem brezenta, vi\u0146\u0161 meitas aizveda atpaka\u013c uz pils\u0113tu, lai p\u0113c da\u017e\u0101m stund\u0101m k\u0101ptu vien\u0101 no p\u0113d\u0113jiem ku\u0123iem, kas atst\u0101ja Latviju. Ku\u0123a galam\u0113r\u0137is: V\u0101cija.<\/p>\n","protected":false},"excerpt":{"rendered":"<p>80 gadus tur\u0113ts sol\u012bjums. St\u0101sts par Brigitta\u2019s Promise s\u0101kas 1929. gad\u0101 Liep\u0101j\u0101, kad dzima Brigita Mikarta. Brigita ir dzimusi tipisk\u0101 str\u0101dnieku \u0123imen\u0113. Vi\u0146as t\u0113vs bija elektri\u0137is un br\u012bvpr\u0101t\u012bgais ugunsdz\u0113s\u0113js. Brigita kop\u0101 ar \u0123imeni baud\u012bja laim\u012bgu b\u0113rn\u012bbu Liep\u0101jas ostas pils\u0113t\u0101, kad 1940. gad\u0101 Padomju Savien\u012bba p\u0113k\u0161\u0146i iebruka un okup\u0113ja Latviju. Padomju vara izs\u016bt\u012bja uz Sib\u012briju 15 [&hellip;]<\/p>\n","protected":false},"author":1,"featured_media":0,"parent":508,"menu_order":0,"comment_status":"closed","ping_status":"closed","template":"","meta":{"footnotes":""},"class_list":["post-503","page","type-page","status-publish","hentry"],"acf":[],"yoast_head":"<!-- This site is optimized with the Yoast SEO plugin v21.6 - https:\/\/yoast.com\/wordpress\/plugins\/seo\/ -->\n<title>Brigitas st\u0101sts - brigitta&#039;s Promise<\/title>\n<meta name=\"robots\" content=\"index, follow, max-snippet:-1, max-image-preview:large, max-video-preview:-1\" \/>\n<link rel=\"canonical\" href=\"https:\/\/brigittaspromise.org\/lv\/par\/brigittas-story\/\" \/>\n<meta property=\"og:locale\" content=\"lv_LV\" \/>\n<meta property=\"og:type\" content=\"article\" \/>\n<meta property=\"og:title\" content=\"Brigitas st\u0101sts - brigitta&#039;s Promise\" \/>\n<meta property=\"og:description\" content=\"80 gadus tur\u0113ts sol\u012bjums. St\u0101sts par Brigitta\u2019s Promise s\u0101kas 1929. gad\u0101 Liep\u0101j\u0101, kad dzima Brigita Mikarta. Brigita ir dzimusi tipisk\u0101 str\u0101dnieku \u0123imen\u0113. Vi\u0146as t\u0113vs bija elektri\u0137is un br\u012bvpr\u0101t\u012bgais ugunsdz\u0113s\u0113js. Brigita kop\u0101 ar \u0123imeni baud\u012bja laim\u012bgu b\u0113rn\u012bbu Liep\u0101jas ostas pils\u0113t\u0101, kad 1940. gad\u0101 Padomju Savien\u012bba p\u0113k\u0161\u0146i iebruka un okup\u0113ja Latviju. Padomju vara izs\u016bt\u012bja uz Sib\u012briju 15 [&hellip;]\" \/>\n<meta property=\"og:url\" content=\"https:\/\/brigittaspromise.org\/lv\/par\/brigittas-story\/\" \/>\n<meta property=\"og:site_name\" content=\"brigitta&#039;s Promise\" \/>\n<meta property=\"article:modified_time\" content=\"2024-09-30T14:24:31+00:00\" \/>\n<meta property=\"og:image\" content=\"https:\/\/brigittaspromise.org\/wp-content\/uploads\/2021\/07\/brigittas_share.jpg\" \/>\n\t<meta property=\"og:image:width\" content=\"1200\" \/>\n\t<meta property=\"og:image:height\" content=\"630\" \/>\n\t<meta property=\"og:image:type\" content=\"image\/jpeg\" \/>\n<meta name=\"twitter:card\" content=\"summary_large_image\" \/>\n<meta name=\"twitter:label1\" content=\"Est. reading time\" \/>\n\t<meta name=\"twitter:data1\" content=\"1 minute\" \/>\n<script type=\"application\/ld+json\" class=\"yoast-schema-graph\">{\"@context\":\"https:\/\/schema.org\",\"@graph\":[{\"@type\":\"WebPage\",\"@id\":\"https:\/\/brigittaspromise.org\/lv\/par\/brigittas-story\/\",\"url\":\"https:\/\/brigittaspromise.org\/lv\/par\/brigittas-story\/\",\"name\":\"Brigitas st\u0101sts - brigitta&#039;s Promise\",\"isPartOf\":{\"@id\":\"https:\/\/brigittaspromise.org\/lv\/#website\"},\"datePublished\":\"2020-05-31T22:47:20+00:00\",\"dateModified\":\"2024-09-30T14:24:31+00:00\",\"breadcrumb\":{\"@id\":\"https:\/\/brigittaspromise.org\/lv\/par\/brigittas-story\/#breadcrumb\"},\"inLanguage\":\"lv-LV\",\"potentialAction\":[{\"@type\":\"ReadAction\",\"target\":[\"https:\/\/brigittaspromise.org\/lv\/par\/brigittas-story\/\"]}]},{\"@type\":\"BreadcrumbList\",\"@id\":\"https:\/\/brigittaspromise.org\/lv\/par\/brigittas-story\/#breadcrumb\",\"itemListElement\":[{\"@type\":\"ListItem\",\"position\":1,\"name\":\"S\u0101kums\",\"item\":\"https:\/\/brigittaspromise.org\/lv\/\"},{\"@type\":\"ListItem\",\"position\":2,\"name\":\"PAR\",\"item\":\"https:\/\/brigittaspromise.org\/lv\/par\/\"},{\"@type\":\"ListItem\",\"position\":3,\"name\":\"Brigitas st\u0101sts\"}]},{\"@type\":\"WebSite\",\"@id\":\"https:\/\/brigittaspromise.org\/lv\/#website\",\"url\":\"https:\/\/brigittaspromise.org\/lv\/\",\"name\":\"brigitta&#039;s Promise\",\"description\":\"\",\"potentialAction\":[{\"@type\":\"SearchAction\",\"target\":{\"@type\":\"EntryPoint\",\"urlTemplate\":\"https:\/\/brigittaspromise.org\/lv\/?s={search_term_string}\"},\"query-input\":\"required name=search_term_string\"}],\"inLanguage\":\"lv-LV\"}]}<\/script>\n<!-- \/ Yoast SEO plugin. -->","yoast_head_json":{"title":"Brigitas st\u0101sts - brigitta&#039;s Promise","robots":{"index":"index","follow":"follow","max-snippet":"max-snippet:-1","max-image-preview":"max-image-preview:large","max-video-preview":"max-video-preview:-1"},"canonical":"https:\/\/brigittaspromise.org\/lv\/par\/brigittas-story\/","og_locale":"lv_LV","og_type":"article","og_title":"Brigitas st\u0101sts - brigitta&#039;s Promise","og_description":"80 gadus tur\u0113ts sol\u012bjums. St\u0101sts par Brigitta\u2019s Promise s\u0101kas 1929. gad\u0101 Liep\u0101j\u0101, kad dzima Brigita Mikarta. Brigita ir dzimusi tipisk\u0101 str\u0101dnieku \u0123imen\u0113. Vi\u0146as t\u0113vs bija elektri\u0137is un br\u012bvpr\u0101t\u012bgais ugunsdz\u0113s\u0113js. Brigita kop\u0101 ar \u0123imeni baud\u012bja laim\u012bgu b\u0113rn\u012bbu Liep\u0101jas ostas pils\u0113t\u0101, kad 1940. gad\u0101 Padomju Savien\u012bba p\u0113k\u0161\u0146i iebruka un okup\u0113ja Latviju. Padomju vara izs\u016bt\u012bja uz Sib\u012briju 15 [&hellip;]","og_url":"https:\/\/brigittaspromise.org\/lv\/par\/brigittas-story\/","og_site_name":"brigitta&#039;s Promise","article_modified_time":"2024-09-30T14:24:31+00:00","og_image":[{"width":1200,"height":630,"url":"https:\/\/brigittaspromise.org\/wp-content\/uploads\/2021\/07\/brigittas_share.jpg","type":"image\/jpeg"}],"twitter_card":"summary_large_image","twitter_misc":{"Est. reading time":"1 minute"},"schema":{"@context":"https:\/\/schema.org","@graph":[{"@type":"WebPage","@id":"https:\/\/brigittaspromise.org\/lv\/par\/brigittas-story\/","url":"https:\/\/brigittaspromise.org\/lv\/par\/brigittas-story\/","name":"Brigitas st\u0101sts - brigitta&#039;s Promise","isPartOf":{"@id":"https:\/\/brigittaspromise.org\/lv\/#website"},"datePublished":"2020-05-31T22:47:20+00:00","dateModified":"2024-09-30T14:24:31+00:00","breadcrumb":{"@id":"https:\/\/brigittaspromise.org\/lv\/par\/brigittas-story\/#breadcrumb"},"inLanguage":"lv-LV","potentialAction":[{"@type":"ReadAction","target":["https:\/\/brigittaspromise.org\/lv\/par\/brigittas-story\/"]}]},{"@type":"BreadcrumbList","@id":"https:\/\/brigittaspromise.org\/lv\/par\/brigittas-story\/#breadcrumb","itemListElement":[{"@type":"ListItem","position":1,"name":"S\u0101kums","item":"https:\/\/brigittaspromise.org\/lv\/"},{"@type":"ListItem","position":2,"name":"PAR","item":"https:\/\/brigittaspromise.org\/lv\/par\/"},{"@type":"ListItem","position":3,"name":"Brigitas st\u0101sts"}]},{"@type":"WebSite","@id":"https:\/\/brigittaspromise.org\/lv\/#website","url":"https:\/\/brigittaspromise.org\/lv\/","name":"brigitta&#039;s Promise","description":"","potentialAction":[{"@type":"SearchAction","target":{"@type":"EntryPoint","urlTemplate":"https:\/\/brigittaspromise.org\/lv\/?s={search_term_string}"},"query-input":"required name=search_term_string"}],"inLanguage":"lv-LV"}]}},"_links":{"self":[{"href":"https:\/\/brigittaspromise.org\/lv\/wp-json\/wp\/v2\/pages\/503","targetHints":{"allow":["GET"]}}],"collection":[{"href":"https:\/\/brigittaspromise.org\/lv\/wp-json\/wp\/v2\/pages"}],"about":[{"href":"https:\/\/brigittaspromise.org\/lv\/wp-json\/wp\/v2\/types\/page"}],"author":[{"embeddable":true,"href":"https:\/\/brigittaspromise.org\/lv\/wp-json\/wp\/v2\/users\/1"}],"replies":[{"embeddable":true,"href":"https:\/\/brigittaspromise.org\/lv\/wp-json\/wp\/v2\/comments?post=503"}],"version-history":[{"count":0,"href":"https:\/\/brigittaspromise.org\/lv\/wp-json\/wp\/v2\/pages\/503\/revisions"}],"up":[{"embeddable":true,"href":"https:\/\/brigittaspromise.org\/lv\/wp-json\/wp\/v2\/pages\/508"}],"wp:attachment":[{"href":"https:\/\/brigittaspromise.org\/lv\/wp-json\/wp\/v2\/media?parent=503"}],"curies":[{"name":"wp","href":"https:\/\/api.w.org\/{rel}","templated":true}]}}