{"id":502,"date":"2020-07-20T21:12:23","date_gmt":"2020-07-20T21:12:23","guid":{"rendered":"https:\/\/brigittaspromise.org\/why-the-baltic-states\/"},"modified":"2022-04-19T09:41:26","modified_gmt":"2022-04-19T09:41:26","slug":"why-the-baltic-states","status":"publish","type":"page","link":"https:\/\/brigittaspromise.org\/lv\/why-the-baltic-states\/","title":{"rendered":"K\u0101p\u0113c Baltijas valstis?"},"content":{"rendered":"<p>Sol\u012bjums Latvijai<\/p>\n<p>Brigitta&#8217;s Promise s\u0101ka savu darb\u012bbu Latvij\u0101 &#8211; maz\u0101 Eiropas Savien\u012bbas dal\u012bbvalst\u012b ar zemu ekonomisko l\u012bmeni. Valsts ar tre\u0161o liel\u0101ko medic\u012bniski institucionaliz\u0113to b\u0113rnu popul\u0101ciju Eirop\u0101, kur liela da\u013ca \u0123ime\u0146u ir pak\u013cautas nabadz\u012bbas riskam.<\/p>\n<p>Brigitta&#8217;s Promise m\u0113r\u0137is ir pal\u012bdz\u0113t ar\u012b citu Baltijas valstu iedz\u012bvot\u0101jiem. Pateicoties ziedot\u0101ju atbalstam un sadarb\u012bbas partnerim Pal\u012bdz\u0113sim.lv Brigittas sol\u012bjums tiek tur\u0113ts ar\u012b p\u0113c 80 gadiem.<\/p>\n","protected":false},"excerpt":{"rendered":"<p>Sol\u012bjums Latvijai Brigitta&#8217;s Promise s\u0101ka savu darb\u012bbu Latvij\u0101 &#8211; maz\u0101 Eiropas Savien\u012bbas dal\u012bbvalst\u012b ar zemu ekonomisko l\u012bmeni. Valsts ar tre\u0161o liel\u0101ko medic\u012bniski institucionaliz\u0113to b\u0113rnu popul\u0101ciju Eirop\u0101, kur liela da\u013ca \u0123ime\u0146u ir pak\u013cautas nabadz\u012bbas riskam. Brigitta&#8217;s Promise m\u0113r\u0137is ir pal\u012bdz\u0113t ar\u012b citu Baltijas valstu iedz\u012bvot\u0101jiem. Pateicoties ziedot\u0101ju atbalstam un sadarb\u012bbas partnerim Pal\u012bdz\u0113sim.lv Brigittas sol\u012bjums tiek tur\u0113ts [&hellip;]<\/p>\n","protected":false},"author":1,"featured_media":0,"parent":0,"menu_order":0,"comment_status":"closed","ping_status":"closed","template":"page-why-baltic.php","meta":{"footnotes":""},"class_list":["post-502","page","type-page","status-publish","hentry"],"acf":[],"yoast_head":"<!-- This site is optimized with the Yoast SEO plugin v21.6 - https:\/\/yoast.com\/wordpress\/plugins\/seo\/ -->\n<title>K\u0101p\u0113c Baltijas valstis? - brigitta&#039;s Promise<\/title>\n<meta name=\"robots\" content=\"index, follow, max-snippet:-1, max-image-preview:large, max-video-preview:-1\" \/>\n<link rel=\"canonical\" href=\"https:\/\/brigittaspromise.org\/lv\/why-the-baltic-states\/\" \/>\n<meta property=\"og:locale\" content=\"lv_LV\" \/>\n<meta property=\"og:type\" content=\"article\" \/>\n<meta property=\"og:title\" content=\"K\u0101p\u0113c Baltijas valstis? - brigitta&#039;s Promise\" \/>\n<meta property=\"og:description\" content=\"Sol\u012bjums Latvijai Brigitta&#8217;s Promise s\u0101ka savu darb\u012bbu Latvij\u0101 &#8211; maz\u0101 Eiropas Savien\u012bbas dal\u012bbvalst\u012b ar zemu ekonomisko l\u012bmeni. Valsts ar tre\u0161o liel\u0101ko medic\u012bniski institucionaliz\u0113to b\u0113rnu popul\u0101ciju Eirop\u0101, kur liela da\u013ca \u0123ime\u0146u ir pak\u013cautas nabadz\u012bbas riskam. Brigitta&#8217;s Promise m\u0113r\u0137is ir pal\u012bdz\u0113t ar\u012b citu Baltijas valstu iedz\u012bvot\u0101jiem. Pateicoties ziedot\u0101ju atbalstam un sadarb\u012bbas partnerim Pal\u012bdz\u0113sim.lv Brigittas sol\u012bjums tiek tur\u0113ts [&hellip;]\" \/>\n<meta property=\"og:url\" content=\"https:\/\/brigittaspromise.org\/lv\/why-the-baltic-states\/\" \/>\n<meta property=\"og:site_name\" content=\"brigitta&#039;s Promise\" \/>\n<meta property=\"article:modified_time\" content=\"2022-04-19T09:41:26+00:00\" \/>\n<meta property=\"og:image\" content=\"https:\/\/brigittaspromise.org\/wp-content\/uploads\/2021\/07\/brigittas_share.jpg\" \/>\n\t<meta property=\"og:image:width\" content=\"1200\" \/>\n\t<meta property=\"og:image:height\" content=\"630\" \/>\n\t<meta property=\"og:image:type\" content=\"image\/jpeg\" \/>\n<meta name=\"twitter:card\" content=\"summary_large_image\" \/>\n<meta name=\"twitter:label1\" content=\"Est. reading time\" \/>\n\t<meta name=\"twitter:data1\" content=\"1 minute\" \/>\n<script type=\"application\/ld+json\" class=\"yoast-schema-graph\">{\"@context\":\"https:\/\/schema.org\",\"@graph\":[{\"@type\":\"WebPage\",\"@id\":\"https:\/\/brigittaspromise.org\/lv\/why-the-baltic-states\/\",\"url\":\"https:\/\/brigittaspromise.org\/lv\/why-the-baltic-states\/\",\"name\":\"K\u0101p\u0113c Baltijas valstis? - brigitta&#039;s Promise\",\"isPartOf\":{\"@id\":\"https:\/\/brigittaspromise.org\/lv\/#website\"},\"datePublished\":\"2020-07-20T21:12:23+00:00\",\"dateModified\":\"2022-04-19T09:41:26+00:00\",\"breadcrumb\":{\"@id\":\"https:\/\/brigittaspromise.org\/lv\/why-the-baltic-states\/#breadcrumb\"},\"inLanguage\":\"lv-LV\",\"potentialAction\":[{\"@type\":\"ReadAction\",\"target\":[\"https:\/\/brigittaspromise.org\/lv\/why-the-baltic-states\/\"]}]},{\"@type\":\"BreadcrumbList\",\"@id\":\"https:\/\/brigittaspromise.org\/lv\/why-the-baltic-states\/#breadcrumb\",\"itemListElement\":[{\"@type\":\"ListItem\",\"position\":1,\"name\":\"S\u0101kums\",\"item\":\"https:\/\/brigittaspromise.org\/lv\/\"},{\"@type\":\"ListItem\",\"position\":2,\"name\":\"K\u0101p\u0113c Baltijas valstis?\"}]},{\"@type\":\"WebSite\",\"@id\":\"https:\/\/brigittaspromise.org\/lv\/#website\",\"url\":\"https:\/\/brigittaspromise.org\/lv\/\",\"name\":\"brigitta&#039;s Promise\",\"description\":\"\",\"potentialAction\":[{\"@type\":\"SearchAction\",\"target\":{\"@type\":\"EntryPoint\",\"urlTemplate\":\"https:\/\/brigittaspromise.org\/lv\/?s={search_term_string}\"},\"query-input\":\"required name=search_term_string\"}],\"inLanguage\":\"lv-LV\"}]}<\/script>\n<!-- \/ Yoast SEO plugin. -->","yoast_head_json":{"title":"K\u0101p\u0113c Baltijas valstis? - brigitta&#039;s Promise","robots":{"index":"index","follow":"follow","max-snippet":"max-snippet:-1","max-image-preview":"max-image-preview:large","max-video-preview":"max-video-preview:-1"},"canonical":"https:\/\/brigittaspromise.org\/lv\/why-the-baltic-states\/","og_locale":"lv_LV","og_type":"article","og_title":"K\u0101p\u0113c Baltijas valstis? - brigitta&#039;s Promise","og_description":"Sol\u012bjums Latvijai Brigitta&#8217;s Promise s\u0101ka savu darb\u012bbu Latvij\u0101 &#8211; maz\u0101 Eiropas Savien\u012bbas dal\u012bbvalst\u012b ar zemu ekonomisko l\u012bmeni. Valsts ar tre\u0161o liel\u0101ko medic\u012bniski institucionaliz\u0113to b\u0113rnu popul\u0101ciju Eirop\u0101, kur liela da\u013ca \u0123ime\u0146u ir pak\u013cautas nabadz\u012bbas riskam. Brigitta&#8217;s Promise m\u0113r\u0137is ir pal\u012bdz\u0113t ar\u012b citu Baltijas valstu iedz\u012bvot\u0101jiem. Pateicoties ziedot\u0101ju atbalstam un sadarb\u012bbas partnerim Pal\u012bdz\u0113sim.lv Brigittas sol\u012bjums tiek tur\u0113ts [&hellip;]","og_url":"https:\/\/brigittaspromise.org\/lv\/why-the-baltic-states\/","og_site_name":"brigitta&#039;s Promise","article_modified_time":"2022-04-19T09:41:26+00:00","og_image":[{"width":1200,"height":630,"url":"https:\/\/brigittaspromise.org\/wp-content\/uploads\/2021\/07\/brigittas_share.jpg","type":"image\/jpeg"}],"twitter_card":"summary_large_image","twitter_misc":{"Est. reading time":"1 minute"},"schema":{"@context":"https:\/\/schema.org","@graph":[{"@type":"WebPage","@id":"https:\/\/brigittaspromise.org\/lv\/why-the-baltic-states\/","url":"https:\/\/brigittaspromise.org\/lv\/why-the-baltic-states\/","name":"K\u0101p\u0113c Baltijas valstis? - brigitta&#039;s Promise","isPartOf":{"@id":"https:\/\/brigittaspromise.org\/lv\/#website"},"datePublished":"2020-07-20T21:12:23+00:00","dateModified":"2022-04-19T09:41:26+00:00","breadcrumb":{"@id":"https:\/\/brigittaspromise.org\/lv\/why-the-baltic-states\/#breadcrumb"},"inLanguage":"lv-LV","potentialAction":[{"@type":"ReadAction","target":["https:\/\/brigittaspromise.org\/lv\/why-the-baltic-states\/"]}]},{"@type":"BreadcrumbList","@id":"https:\/\/brigittaspromise.org\/lv\/why-the-baltic-states\/#breadcrumb","itemListElement":[{"@type":"ListItem","position":1,"name":"S\u0101kums","item":"https:\/\/brigittaspromise.org\/lv\/"},{"@type":"ListItem","position":2,"name":"K\u0101p\u0113c Baltijas valstis?"}]},{"@type":"WebSite","@id":"https:\/\/brigittaspromise.org\/lv\/#website","url":"https:\/\/brigittaspromise.org\/lv\/","name":"brigitta&#039;s Promise","description":"","potentialAction":[{"@type":"SearchAction","target":{"@type":"EntryPoint","urlTemplate":"https:\/\/brigittaspromise.org\/lv\/?s={search_term_string}"},"query-input":"required name=search_term_string"}],"inLanguage":"lv-LV"}]}},"_links":{"self":[{"href":"https:\/\/brigittaspromise.org\/lv\/wp-json\/wp\/v2\/pages\/502","targetHints":{"allow":["GET"]}}],"collection":[{"href":"https:\/\/brigittaspromise.org\/lv\/wp-json\/wp\/v2\/pages"}],"about":[{"href":"https:\/\/brigittaspromise.org\/lv\/wp-json\/wp\/v2\/types\/page"}],"author":[{"embeddable":true,"href":"https:\/\/brigittaspromise.org\/lv\/wp-json\/wp\/v2\/users\/1"}],"replies":[{"embeddable":true,"href":"https:\/\/brigittaspromise.org\/lv\/wp-json\/wp\/v2\/comments?post=502"}],"version-history":[{"count":0,"href":"https:\/\/brigittaspromise.org\/lv\/wp-json\/wp\/v2\/pages\/502\/revisions"}],"wp:attachment":[{"href":"https:\/\/brigittaspromise.org\/lv\/wp-json\/wp\/v2\/media?parent=502"}],"curies":[{"name":"wp","href":"https:\/\/api.w.org\/{rel}","templated":true}]}}