{"id":500,"date":"2020-05-31T22:50:41","date_gmt":"2020-05-31T22:50:41","guid":{"rendered":"https:\/\/brigittaspromise.org\/who-we-serve\/"},"modified":"2024-09-30T14:40:13","modified_gmt":"2024-09-30T14:40:13","slug":"who-we-serve","status":"publish","type":"page","link":"https:\/\/brigittaspromise.org\/lv\/who-we-serve\/","title":{"rendered":"Kam m\u0113s sniedzam atbalstu"},"content":{"rendered":"<h2 class=\"title gold mb-4\">Brigitta&#8217;s Promise sniedz atbalstu \u0123imen\u0113m Latvij\u0101<\/h2>\n<p><span style=\"font-weight: 400;\">&#8220;Pal\u012bdz\u0113sim.lv&#8221; ir fonds, kas jau 15 gadus nesavt\u012bgi sniedz atbalstu b\u0113rniem un jaunie\u0161iem, k\u0101 ar\u012b to \u0123imen\u0113m, kurus sk\u0101ru\u0161as vesel\u012bbai vai sadz\u012bvei noz\u012bm\u012bgas probl\u0113mas. \u0160o gadu laik\u0101 izdevies pal\u012bdz\u0113t daudziem jo daudziem Latvijas b\u0113rniem un jaunie\u0161iem, aptuveni 500 katru gadu. Tas bijis iesp\u0113jams pateicoties fonda\u00a0 draugiem &#8211; atbalst\u012bt\u0101jiem , sadarb\u012bbas partneriem un br\u012bvpr\u0101t\u012bgajiem.\u00a0<\/span><\/p>\n<p><span style=\"font-weight: 400;\">Aptuveni 10 gadus atpaka\u013c iepazin\u0101mies un uzs\u0101k\u0101m sadarb\u012bbu ar fondu <\/span><span style=\"font-weight: 400;\">\u201cBrigitta\u2019s Promise\u201d, <\/span><span style=\"font-weight: 400;\">kas\u00a0 kop\u012bga darba rezult\u0101t\u0101 \u013c\u0101va uzlabot b\u0113rnu vesel\u012bbu, organiz\u0113t vasaras nometnes, atbalst\u012bt \u012bpa\u0161o b\u0113rnu vec\u0101kus, sniegt pal\u012bdz\u012bgu roku jaunie\u0161iem, kuri nomald\u012bju\u0161ies savas dz\u012bves ce\u013c\u0101 un v\u0113l\u2026\u00a0 un v\u0113l&#8230; Kop\u012bgi paveikto labo darbu uzskait\u012b\u0161anai vajadz\u0113tu daudz rindkopu.\u00a0<\/span><\/p>\n<p><span style=\"font-weight: 400;\">Lai gan atbalsta sist\u0113ma\u00a0 Latvij\u0101 pa \u0161iem 15 gadiem ir krietni main\u012bjusies, joproj\u0101m ir b\u0113rni un jaunie\u0161i, kuriem bez m\u016bsu atbalsta neiztikt. T\u0101s ir ilgsto\u0161\u0101s rehabilit\u0101cijas, atbalsts \u012bpa\u0161o b\u0113rni\u0146u vec\u0101kiem,\u00a0 stiprinot tos un\u00a0 mudinot b\u016bt akt\u012bviem, dz\u012bvespriec\u012bgiem un m\u0113r\u0137tiec\u012bgiem,\u00a0 sniegt\u00a0 iedro\u0161in\u0101jumu un atbalstu r\u016bp\u0113s par savu b\u0113rnu, t\u0101pat atbalsts\u00a0 jaunie\u0161u ment\u0101l\u0101s vesel\u012bbas stabiliz\u0113\u0161anai, k\u0101 ar\u012b da\u017e\u0101di soci\u0101l\u0101s integr\u0101cijas pas\u0101kumi, lai visi b\u0113rni un jaunie\u0161i justos iek\u013cauti un saprasti.\u00a0 Viens nav dar\u012bt\u0101js, t\u0101d\u0113\u013c aicin\u0101m ar\u012b Tevi iesaist\u012bties un ziedot l\u012bdzek\u013cus Latvijas b\u0113rnu vesel\u012bbai.<\/span><\/p>\n<p>&nbsp;<\/p>\n","protected":false},"excerpt":{"rendered":"<p>Brigitta&#8217;s Promise sniedz atbalstu \u0123imen\u0113m Latvij\u0101 &#8220;Pal\u012bdz\u0113sim.lv&#8221; ir fonds, kas jau 15 gadus nesavt\u012bgi sniedz atbalstu b\u0113rniem un jaunie\u0161iem, k\u0101 ar\u012b to \u0123imen\u0113m, kurus sk\u0101ru\u0161as vesel\u012bbai vai sadz\u012bvei noz\u012bm\u012bgas probl\u0113mas. \u0160o gadu laik\u0101 izdevies pal\u012bdz\u0113t daudziem jo daudziem Latvijas b\u0113rniem un jaunie\u0161iem, aptuveni 500 katru gadu. Tas bijis iesp\u0113jams pateicoties fonda\u00a0 draugiem &#8211; atbalst\u012bt\u0101jiem , [&hellip;]<\/p>\n","protected":false},"author":1,"featured_media":945,"parent":0,"menu_order":0,"comment_status":"closed","ping_status":"closed","template":"page-who-we-serve.php","meta":{"footnotes":""},"class_list":["post-500","page","type-page","status-publish","has-post-thumbnail","hentry"],"acf":[],"yoast_head":"<!-- This site is optimized with the Yoast SEO plugin v21.6 - https:\/\/yoast.com\/wordpress\/plugins\/seo\/ -->\n<title>Kam m\u0113s sniedzam atbalstu - brigitta&#039;s Promise<\/title>\n<meta name=\"robots\" content=\"index, follow, max-snippet:-1, max-image-preview:large, max-video-preview:-1\" \/>\n<link rel=\"canonical\" href=\"https:\/\/brigittaspromise.org\/lv\/who-we-serve\/\" \/>\n<meta property=\"og:locale\" content=\"lv_LV\" \/>\n<meta property=\"og:type\" content=\"article\" \/>\n<meta property=\"og:title\" content=\"Kam m\u0113s sniedzam atbalstu - brigitta&#039;s Promise\" \/>\n<meta property=\"og:description\" content=\"Brigitta&#8217;s Promise sniedz atbalstu \u0123imen\u0113m Latvij\u0101 &#8220;Pal\u012bdz\u0113sim.lv&#8221; ir fonds, kas jau 15 gadus nesavt\u012bgi sniedz atbalstu b\u0113rniem un jaunie\u0161iem, k\u0101 ar\u012b to \u0123imen\u0113m, kurus sk\u0101ru\u0161as vesel\u012bbai vai sadz\u012bvei noz\u012bm\u012bgas probl\u0113mas. \u0160o gadu laik\u0101 izdevies pal\u012bdz\u0113t daudziem jo daudziem Latvijas b\u0113rniem un jaunie\u0161iem, aptuveni 500 katru gadu. Tas bijis iesp\u0113jams pateicoties fonda\u00a0 draugiem &#8211; atbalst\u012bt\u0101jiem , [&hellip;]\" \/>\n<meta property=\"og:url\" content=\"https:\/\/brigittaspromise.org\/lv\/who-we-serve\/\" \/>\n<meta property=\"og:site_name\" content=\"brigitta&#039;s Promise\" \/>\n<meta property=\"article:modified_time\" content=\"2024-09-30T14:40:13+00:00\" \/>\n<meta property=\"og:image\" content=\"https:\/\/brigittaspromise.org\/wp-content\/uploads\/2023\/03\/28265575887_91ec55aed5_o-scaled.jpg\" \/>\n\t<meta property=\"og:image:width\" content=\"2560\" \/>\n\t<meta property=\"og:image:height\" content=\"1707\" \/>\n\t<meta property=\"og:image:type\" content=\"image\/jpeg\" \/>\n<meta name=\"twitter:card\" content=\"summary_large_image\" \/>\n<meta name=\"twitter:label1\" content=\"Est. reading time\" \/>\n\t<meta name=\"twitter:data1\" content=\"1 minute\" \/>\n<script type=\"application\/ld+json\" class=\"yoast-schema-graph\">{\"@context\":\"https:\/\/schema.org\",\"@graph\":[{\"@type\":\"WebPage\",\"@id\":\"https:\/\/brigittaspromise.org\/lv\/who-we-serve\/\",\"url\":\"https:\/\/brigittaspromise.org\/lv\/who-we-serve\/\",\"name\":\"Kam m\u0113s sniedzam atbalstu - brigitta&#039;s Promise\",\"isPartOf\":{\"@id\":\"https:\/\/brigittaspromise.org\/lv\/#website\"},\"datePublished\":\"2020-05-31T22:50:41+00:00\",\"dateModified\":\"2024-09-30T14:40:13+00:00\",\"breadcrumb\":{\"@id\":\"https:\/\/brigittaspromise.org\/lv\/who-we-serve\/#breadcrumb\"},\"inLanguage\":\"lv-LV\",\"potentialAction\":[{\"@type\":\"ReadAction\",\"target\":[\"https:\/\/brigittaspromise.org\/lv\/who-we-serve\/\"]}]},{\"@type\":\"BreadcrumbList\",\"@id\":\"https:\/\/brigittaspromise.org\/lv\/who-we-serve\/#breadcrumb\",\"itemListElement\":[{\"@type\":\"ListItem\",\"position\":1,\"name\":\"S\u0101kums\",\"item\":\"https:\/\/brigittaspromise.org\/lv\/\"},{\"@type\":\"ListItem\",\"position\":2,\"name\":\"Kam m\u0113s sniedzam atbalstu\"}]},{\"@type\":\"WebSite\",\"@id\":\"https:\/\/brigittaspromise.org\/lv\/#website\",\"url\":\"https:\/\/brigittaspromise.org\/lv\/\",\"name\":\"brigitta&#039;s Promise\",\"description\":\"\",\"potentialAction\":[{\"@type\":\"SearchAction\",\"target\":{\"@type\":\"EntryPoint\",\"urlTemplate\":\"https:\/\/brigittaspromise.org\/lv\/?s={search_term_string}\"},\"query-input\":\"required name=search_term_string\"}],\"inLanguage\":\"lv-LV\"}]}<\/script>\n<!-- \/ Yoast SEO plugin. -->","yoast_head_json":{"title":"Kam m\u0113s sniedzam atbalstu - brigitta&#039;s Promise","robots":{"index":"index","follow":"follow","max-snippet":"max-snippet:-1","max-image-preview":"max-image-preview:large","max-video-preview":"max-video-preview:-1"},"canonical":"https:\/\/brigittaspromise.org\/lv\/who-we-serve\/","og_locale":"lv_LV","og_type":"article","og_title":"Kam m\u0113s sniedzam atbalstu - brigitta&#039;s Promise","og_description":"Brigitta&#8217;s Promise sniedz atbalstu \u0123imen\u0113m Latvij\u0101 &#8220;Pal\u012bdz\u0113sim.lv&#8221; ir fonds, kas jau 15 gadus nesavt\u012bgi sniedz atbalstu b\u0113rniem un jaunie\u0161iem, k\u0101 ar\u012b to \u0123imen\u0113m, kurus sk\u0101ru\u0161as vesel\u012bbai vai sadz\u012bvei noz\u012bm\u012bgas probl\u0113mas. \u0160o gadu laik\u0101 izdevies pal\u012bdz\u0113t daudziem jo daudziem Latvijas b\u0113rniem un jaunie\u0161iem, aptuveni 500 katru gadu. Tas bijis iesp\u0113jams pateicoties fonda\u00a0 draugiem &#8211; atbalst\u012bt\u0101jiem , [&hellip;]","og_url":"https:\/\/brigittaspromise.org\/lv\/who-we-serve\/","og_site_name":"brigitta&#039;s Promise","article_modified_time":"2024-09-30T14:40:13+00:00","og_image":[{"width":2560,"height":1707,"url":"https:\/\/brigittaspromise.org\/wp-content\/uploads\/2023\/03\/28265575887_91ec55aed5_o-scaled.jpg","type":"image\/jpeg"}],"twitter_card":"summary_large_image","twitter_misc":{"Est. reading time":"1 minute"},"schema":{"@context":"https:\/\/schema.org","@graph":[{"@type":"WebPage","@id":"https:\/\/brigittaspromise.org\/lv\/who-we-serve\/","url":"https:\/\/brigittaspromise.org\/lv\/who-we-serve\/","name":"Kam m\u0113s sniedzam atbalstu - brigitta&#039;s Promise","isPartOf":{"@id":"https:\/\/brigittaspromise.org\/lv\/#website"},"datePublished":"2020-05-31T22:50:41+00:00","dateModified":"2024-09-30T14:40:13+00:00","breadcrumb":{"@id":"https:\/\/brigittaspromise.org\/lv\/who-we-serve\/#breadcrumb"},"inLanguage":"lv-LV","potentialAction":[{"@type":"ReadAction","target":["https:\/\/brigittaspromise.org\/lv\/who-we-serve\/"]}]},{"@type":"BreadcrumbList","@id":"https:\/\/brigittaspromise.org\/lv\/who-we-serve\/#breadcrumb","itemListElement":[{"@type":"ListItem","position":1,"name":"S\u0101kums","item":"https:\/\/brigittaspromise.org\/lv\/"},{"@type":"ListItem","position":2,"name":"Kam m\u0113s sniedzam atbalstu"}]},{"@type":"WebSite","@id":"https:\/\/brigittaspromise.org\/lv\/#website","url":"https:\/\/brigittaspromise.org\/lv\/","name":"brigitta&#039;s Promise","description":"","potentialAction":[{"@type":"SearchAction","target":{"@type":"EntryPoint","urlTemplate":"https:\/\/brigittaspromise.org\/lv\/?s={search_term_string}"},"query-input":"required name=search_term_string"}],"inLanguage":"lv-LV"}]}},"_links":{"self":[{"href":"https:\/\/brigittaspromise.org\/lv\/wp-json\/wp\/v2\/pages\/500","targetHints":{"allow":["GET"]}}],"collection":[{"href":"https:\/\/brigittaspromise.org\/lv\/wp-json\/wp\/v2\/pages"}],"about":[{"href":"https:\/\/brigittaspromise.org\/lv\/wp-json\/wp\/v2\/types\/page"}],"author":[{"embeddable":true,"href":"https:\/\/brigittaspromise.org\/lv\/wp-json\/wp\/v2\/users\/1"}],"replies":[{"embeddable":true,"href":"https:\/\/brigittaspromise.org\/lv\/wp-json\/wp\/v2\/comments?post=500"}],"version-history":[{"count":0,"href":"https:\/\/brigittaspromise.org\/lv\/wp-json\/wp\/v2\/pages\/500\/revisions"}],"wp:featuredmedia":[{"embeddable":true,"href":"https:\/\/brigittaspromise.org\/lv\/wp-json\/wp\/v2\/media\/945"}],"wp:attachment":[{"href":"https:\/\/brigittaspromise.org\/lv\/wp-json\/wp\/v2\/media?parent=500"}],"curies":[{"name":"wp","href":"https:\/\/api.w.org\/{rel}","templated":true}]}}