{"id":499,"date":"2020-05-31T22:50:41","date_gmt":"2020-05-31T22:50:41","guid":{"rendered":"https:\/\/brigittaspromise.org\/promises-kept\/"},"modified":"2022-12-29T16:09:32","modified_gmt":"2022-12-29T16:09:32","slug":"promises-kept","status":"publish","type":"page","link":"https:\/\/brigittaspromise.org\/lv\/promises-kept\/","title":{"rendered":"Atbalsta m\u0113r\u0137is"},"content":{"rendered":"<h2 class=\"title gold mb-30\">Paldies, ka atbalsti!<\/h2>\n<p class=\"intro\">Tavs ziedojums pal\u012bdz mums veidot pasauli lab\u0101ku un \u0123imen\u0113m, kur\u0101s aug b\u0113rns ar funkcion\u0101liem trauc\u0113jumiem, padar\u012bt dz\u012bvi kaut mazliet viegl\u0101ku.<\/p>\n","protected":false},"excerpt":{"rendered":"<p>Paldies, ka atbalsti! Tavs ziedojums pal\u012bdz mums veidot pasauli lab\u0101ku un \u0123imen\u0113m, kur\u0101s aug b\u0113rns ar funkcion\u0101liem trauc\u0113jumiem, padar\u012bt dz\u012bvi kaut mazliet viegl\u0101ku.<\/p>\n","protected":false},"author":1,"featured_media":0,"parent":0,"menu_order":0,"comment_status":"closed","ping_status":"closed","template":"page-promise-kept.php","meta":{"footnotes":""},"class_list":["post-499","page","type-page","status-publish","hentry"],"acf":[],"yoast_head":"<!-- This site is optimized with the Yoast SEO plugin v21.6 - https:\/\/yoast.com\/wordpress\/plugins\/seo\/ -->\n<title>Atbalsta m\u0113r\u0137is - brigitta&#039;s Promise<\/title>\n<meta name=\"robots\" content=\"index, follow, max-snippet:-1, max-image-preview:large, max-video-preview:-1\" \/>\n<link rel=\"canonical\" href=\"https:\/\/brigittaspromise.org\/lv\/promises-kept\/\" \/>\n<meta property=\"og:locale\" content=\"lv_LV\" \/>\n<meta property=\"og:type\" content=\"article\" \/>\n<meta property=\"og:title\" content=\"Atbalsta m\u0113r\u0137is - brigitta&#039;s Promise\" \/>\n<meta property=\"og:description\" content=\"Paldies, ka atbalsti! Tavs ziedojums pal\u012bdz mums veidot pasauli lab\u0101ku un \u0123imen\u0113m, kur\u0101s aug b\u0113rns ar funkcion\u0101liem trauc\u0113jumiem, padar\u012bt dz\u012bvi kaut mazliet viegl\u0101ku.\" \/>\n<meta property=\"og:url\" content=\"https:\/\/brigittaspromise.org\/lv\/promises-kept\/\" \/>\n<meta property=\"og:site_name\" content=\"brigitta&#039;s Promise\" \/>\n<meta property=\"article:modified_time\" content=\"2022-12-29T16:09:32+00:00\" \/>\n<meta property=\"og:image\" content=\"https:\/\/brigittaspromise.org\/wp-content\/uploads\/2021\/07\/brigittas_share.jpg\" \/>\n\t<meta property=\"og:image:width\" content=\"1200\" \/>\n\t<meta property=\"og:image:height\" content=\"630\" \/>\n\t<meta property=\"og:image:type\" content=\"image\/jpeg\" \/>\n<meta name=\"twitter:card\" content=\"summary_large_image\" \/>\n<meta name=\"twitter:label1\" content=\"Est. reading time\" \/>\n\t<meta name=\"twitter:data1\" content=\"1 minute\" \/>\n<script type=\"application\/ld+json\" class=\"yoast-schema-graph\">{\"@context\":\"https:\/\/schema.org\",\"@graph\":[{\"@type\":\"WebPage\",\"@id\":\"https:\/\/brigittaspromise.org\/lv\/promises-kept\/\",\"url\":\"https:\/\/brigittaspromise.org\/lv\/promises-kept\/\",\"name\":\"Atbalsta m\u0113r\u0137is - brigitta&#039;s Promise\",\"isPartOf\":{\"@id\":\"https:\/\/brigittaspromise.org\/lv\/#website\"},\"datePublished\":\"2020-05-31T22:50:41+00:00\",\"dateModified\":\"2022-12-29T16:09:32+00:00\",\"breadcrumb\":{\"@id\":\"https:\/\/brigittaspromise.org\/lv\/promises-kept\/#breadcrumb\"},\"inLanguage\":\"lv-LV\",\"potentialAction\":[{\"@type\":\"ReadAction\",\"target\":[\"https:\/\/brigittaspromise.org\/lv\/promises-kept\/\"]}]},{\"@type\":\"BreadcrumbList\",\"@id\":\"https:\/\/brigittaspromise.org\/lv\/promises-kept\/#breadcrumb\",\"itemListElement\":[{\"@type\":\"ListItem\",\"position\":1,\"name\":\"S\u0101kums\",\"item\":\"https:\/\/brigittaspromise.org\/lv\/\"},{\"@type\":\"ListItem\",\"position\":2,\"name\":\"Atbalsta m\u0113r\u0137is\"}]},{\"@type\":\"WebSite\",\"@id\":\"https:\/\/brigittaspromise.org\/lv\/#website\",\"url\":\"https:\/\/brigittaspromise.org\/lv\/\",\"name\":\"brigitta&#039;s Promise\",\"description\":\"\",\"potentialAction\":[{\"@type\":\"SearchAction\",\"target\":{\"@type\":\"EntryPoint\",\"urlTemplate\":\"https:\/\/brigittaspromise.org\/lv\/?s={search_term_string}\"},\"query-input\":\"required name=search_term_string\"}],\"inLanguage\":\"lv-LV\"}]}<\/script>\n<!-- \/ Yoast SEO plugin. -->","yoast_head_json":{"title":"Atbalsta m\u0113r\u0137is - brigitta&#039;s Promise","robots":{"index":"index","follow":"follow","max-snippet":"max-snippet:-1","max-image-preview":"max-image-preview:large","max-video-preview":"max-video-preview:-1"},"canonical":"https:\/\/brigittaspromise.org\/lv\/promises-kept\/","og_locale":"lv_LV","og_type":"article","og_title":"Atbalsta m\u0113r\u0137is - brigitta&#039;s Promise","og_description":"Paldies, ka atbalsti! Tavs ziedojums pal\u012bdz mums veidot pasauli lab\u0101ku un \u0123imen\u0113m, kur\u0101s aug b\u0113rns ar funkcion\u0101liem trauc\u0113jumiem, padar\u012bt dz\u012bvi kaut mazliet viegl\u0101ku.","og_url":"https:\/\/brigittaspromise.org\/lv\/promises-kept\/","og_site_name":"brigitta&#039;s Promise","article_modified_time":"2022-12-29T16:09:32+00:00","og_image":[{"width":1200,"height":630,"url":"https:\/\/brigittaspromise.org\/wp-content\/uploads\/2021\/07\/brigittas_share.jpg","type":"image\/jpeg"}],"twitter_card":"summary_large_image","twitter_misc":{"Est. reading time":"1 minute"},"schema":{"@context":"https:\/\/schema.org","@graph":[{"@type":"WebPage","@id":"https:\/\/brigittaspromise.org\/lv\/promises-kept\/","url":"https:\/\/brigittaspromise.org\/lv\/promises-kept\/","name":"Atbalsta m\u0113r\u0137is - brigitta&#039;s Promise","isPartOf":{"@id":"https:\/\/brigittaspromise.org\/lv\/#website"},"datePublished":"2020-05-31T22:50:41+00:00","dateModified":"2022-12-29T16:09:32+00:00","breadcrumb":{"@id":"https:\/\/brigittaspromise.org\/lv\/promises-kept\/#breadcrumb"},"inLanguage":"lv-LV","potentialAction":[{"@type":"ReadAction","target":["https:\/\/brigittaspromise.org\/lv\/promises-kept\/"]}]},{"@type":"BreadcrumbList","@id":"https:\/\/brigittaspromise.org\/lv\/promises-kept\/#breadcrumb","itemListElement":[{"@type":"ListItem","position":1,"name":"S\u0101kums","item":"https:\/\/brigittaspromise.org\/lv\/"},{"@type":"ListItem","position":2,"name":"Atbalsta m\u0113r\u0137is"}]},{"@type":"WebSite","@id":"https:\/\/brigittaspromise.org\/lv\/#website","url":"https:\/\/brigittaspromise.org\/lv\/","name":"brigitta&#039;s Promise","description":"","potentialAction":[{"@type":"SearchAction","target":{"@type":"EntryPoint","urlTemplate":"https:\/\/brigittaspromise.org\/lv\/?s={search_term_string}"},"query-input":"required name=search_term_string"}],"inLanguage":"lv-LV"}]}},"_links":{"self":[{"href":"https:\/\/brigittaspromise.org\/lv\/wp-json\/wp\/v2\/pages\/499","targetHints":{"allow":["GET"]}}],"collection":[{"href":"https:\/\/brigittaspromise.org\/lv\/wp-json\/wp\/v2\/pages"}],"about":[{"href":"https:\/\/brigittaspromise.org\/lv\/wp-json\/wp\/v2\/types\/page"}],"author":[{"embeddable":true,"href":"https:\/\/brigittaspromise.org\/lv\/wp-json\/wp\/v2\/users\/1"}],"replies":[{"embeddable":true,"href":"https:\/\/brigittaspromise.org\/lv\/wp-json\/wp\/v2\/comments?post=499"}],"version-history":[{"count":0,"href":"https:\/\/brigittaspromise.org\/lv\/wp-json\/wp\/v2\/pages\/499\/revisions"}],"wp:attachment":[{"href":"https:\/\/brigittaspromise.org\/lv\/wp-json\/wp\/v2\/media?parent=499"}],"curies":[{"name":"wp","href":"https:\/\/api.w.org\/{rel}","templated":true}]}}