{"id":497,"date":"2020-05-29T18:37:43","date_gmt":"2020-05-29T18:37:43","guid":{"rendered":"https:\/\/brigittaspromise.org\/privacy-policy\/"},"modified":"2024-10-02T12:52:24","modified_gmt":"2024-10-02T12:52:24","slug":"privacy-policy","status":"publish","type":"page","link":"https:\/\/brigittaspromise.org\/lv\/privacy-policy\/","title":{"rendered":"Priv\u0101tuma politika"},"content":{"rendered":"\r\n<h2 class=\"wp-block-heading\">Kas m\u0113s esam<\/h2>\r\n\r\n\r\n\r\n<p>Esam Amerikas savienotaj\u0101s valst\u012bs b\u0101z\u0113ta bezpe\u013c\u0146as organiz\u0101cija: https:\/\/brigittaspromise.org\/. Cie\u0161\u0101 sadarb\u012bb\u0101 ar Latvijas labdar\u012bbas organiz\u0101ciju\u00a0 \u00a0&#8220;Pal\u012bdz\u0113sim.lv&#8221;\u00a0 www.palidzesim.lv piesaist\u0101m ziedojumus, lai pal\u012bdz\u0113tu Latvij\u0101 dz\u012bvojo\u0161iem b\u0113rniem, jaunie\u0161iem un vi\u0146u \u0123imen\u0113m.\u00a0<\/p>\r\n\r\n\r\n\r\n<p>1. Nodibin\u0101juma \u201cPal\u012bdz\u0113sim.lv\u201d \u00a0priv\u0101tuma politika nosaka to, k\u0101dus personas datus un k\u0101diem nol\u016bkiem Pal\u012bdz\u0113sim.lv apstr\u0101d\u0101, taj\u0101 skait\u0101 nosaka personas datu apstr\u0101des apjomu, aizsardz\u012bbu, apstr\u0101des termi\u0146u un citus ar personas datu aizsardz\u012bbu saist\u012btus jaut\u0101jumus.<br \/>2. Apstr\u0101d\u0101jot personas datus \u201cPal\u012bdz\u0113sim.lv\u201d iev\u0113ro Latvijas Republik\u0101 sp\u0113k\u0101 eso\u0161os normat\u012bvos aktus par fizisku personu aizsardz\u012bbu attiec\u012bb\u0101 uz personas datu apstr\u0101di un \u0161\u0101du datu br\u012bvu apriti.<br \/>3. \u201cPal\u012bdz\u0113sim.lv\u201d priv\u0101tuma politika attiecas uz ik vienu fizisko personu, kuras dati \u00a0tiek apstr\u0101d\u0101ti apmekl\u0113jot organiz\u0101cijas interneta vietni www.palidzesim.lv<br \/>4. Lietot\u0101jam apmekl\u0113jot \u201cPal\u012bdz\u0113sim.lv\u201d interneta vietni www.palidzesim.lv un \u00a0sniedzot inform\u0101ciju par sevi, tiek uzskat\u012bts, ka lietot\u0101js ir iepazinies ar \u0161o politiku, ir to izlas\u012bjis un sapratis.<br \/>5. Visa inform\u0101cija, ko lietot\u0101js sniedz Pal\u012bdz\u0113sim.lv , ir br\u012bvpr\u0101t\u012bgi sniegta. Lietot\u0101js person\u012bgi ir atbild\u012bgs par sniegto datu un inform\u0101cijas pareiz\u012bbu, atbilst\u012bbu, k\u0101 ar\u012b piem\u0113rojam\u012bbu.<br \/>6. Jaut\u0101jumi, kas saist\u012bti ar personas datu apstr\u0101di, nos\u016bt\u0101mi uz e-pasta adresi info@palidzesim.lv<br \/>7. \u0160o politiku piem\u0113ro priv\u0101tuma un personas datu aizsardz\u012bbas nodro\u0161in\u0101\u0161anai attiec\u012bb\u0101 uz fiziskaj\u0101m person\u0101m:<br \/>7.1.ziedot\u0101jiem, kuri ir piekritu\u0161i neb\u016bt anon\u012bmi;<br \/>7.2. ziedojuma sa\u0146\u0113m\u0113jiem;<br \/>7.3. br\u012bvpr\u0101t\u012bgajiem darbiniekiem;<br \/>7.4. jebkuram Pal\u012bdz\u0113sim.lv m\u0101jaslapas apmekl\u0113t\u0101jam.<br \/>8. Personas datus ir ties\u012bga apstr\u0101d\u0101t:<br \/>8.1. \u201cPal\u012bdz\u0113sim.lv\u201d<br \/>\u00a0re\u0123istr\u0101cijas numurs: 40008137568<br \/>Juridisk\u0101 adrese: Viska\u013cu iela 36a, R\u012bga \u00a0<br \/>\u00a0epasts: info@palidzesim.lv<br \/>8.2. Noteiktos gad\u012bjumos Pal\u012bdz\u0113sim.lv ir ties\u012bgs pilnvarot k\u0101du tre\u0161o personu apstr\u0101d\u0101t J\u016bsu personas datus. Pien\u0101kums nodot lietot\u0101ja datus izriet no Latvijas Republik\u0101 sp\u0113k\u0101 eso\u0161ajiem normat\u012bvajiem ties\u012bbu aktiem.<br \/>9. Lietot\u0101ja datu apstr\u0101des m\u0113r\u0137i:<br \/>9.1. pakalpojuma snieg\u0161ana lietot\u0101jam;<br \/>9.2. lietot\u0101ja identifik\u0101cija;<br \/>9.3. citu Latvijas Republik\u0101 sp\u0113k\u0101 eso\u0161ajos normat\u012bvajos ties\u012bbu aktos noteikto pien\u0101kumu un ties\u012bbu realiz\u0113\u0161ana.<br \/>10. Lai sniegtu pakalpojumu, Pal\u012bdz\u0113sim.lv apstr\u0101d\u0101 \u0161\u0101dus lietot\u0101ja datus:<br \/>10.1. v\u0101rdu un uzv\u0101rdu;<br \/>10.2. personas kodu;<br \/>10.3. kontaktinform\u0101ciju;<br \/>10.4. ziedojuma m\u0113r\u0137i;<br \/>10.5. ziedojuma summu;<br \/>11. Lietot\u0101ja dati tiek sa\u0146emti no pa\u0161a lietot\u0101ja vai t\u0101 p\u0101rst\u0101vja, k\u0101 ar\u012b no tre\u0161aj\u0101m person\u0101m sp\u0113k\u0101 eso\u0161ajos normat\u012bvajos ties\u012bbu aktos noteiktaj\u0101 k\u0101rt\u012bb\u0101.<br \/>12. Pal\u012bdz\u0113sim.lv inform\u0101cijas tehnolo\u0123iju sist\u0113m\u0101s ir ieviesti dro\u0161\u012bbas l\u012bdzek\u013ci un r\u012bki lietot\u0101ja datu aizsardz\u012bbai.\u00a0<br \/>13. Pal\u012bdz\u0113sim.lv sniedz piek\u013cuvi lietot\u0101ju datiem tiem darbiniekiem, kuriem tas nepiecie\u0161ams darba pien\u0101kumu izpildei. Min\u0113tajiem darbiniekiem ir ties\u012bbas apstr\u0101d\u0101t lietot\u0101ju datus tikt\u0101l, cik tas ir nepiecie\u0161ams darba pien\u0101kumu izpildei.<br \/>14. Personas dati var tikt nodoti citiem nor\u0101d\u012btajiem sa\u0146\u0113m\u0113jiem atsevi\u0161\u0137u p\u0101rzi\u0146a normat\u012bvajos aktos noteikto pien\u0101kumu izpildei, tiesisko intere\u0161u \u012bsteno\u0161anai, k\u0101 ar\u012b l\u012bgumsaist\u012bbu izpildei:<br \/>14.1. juristiem, revidentiem, finan\u0161u konsultantiem un citiem konsultantiem, ja t\u0101di piesaist\u012bti p\u0101rzi\u0146a darb\u012bbas uzlabo\u0161anai vai p\u0101rbaudei;<br \/>14.2. Valsts ie\u0146\u0113mumu dienestam.<br \/>14.3. projektu finan\u0161u p\u0101rskatu iesniegumos<br \/>15. Pal\u012bdz\u0113sim.lv glab\u0101 un apstr\u0101d\u0101 lietot\u0101ju personas datus, kam\u0113r past\u0101v \u0161is krit\u0113rijis:<br \/>15.1. ir sp\u0113k\u0101 lietot\u0101ja piekri\u0161ana attiec\u012bgai personas datu apstr\u0101dei, ja nepast\u0101v cits datu apstr\u0101des likum\u012bgs pamats.<br \/>15.2. Nepiecie\u0161am\u012bbas gad\u012bjum\u0101 lietot\u0101jam ir ties\u012bbas jebkur\u0101 laik\u0101 groz\u012bt, papildin\u0101t vai dz\u0113st savus datus, cikt\u0101l tas nav pretrun\u0101 ar sp\u0113k\u0101 eso\u0161ajiem normat\u012bvajiem ties\u012bbu aktiem un neierobe\u017eo pakalpojuma nodro\u0161in\u0101\u0161anu, k\u0101 ar\u012b citas Pal\u012bdz\u0113sim.lv funkcijas, ties\u012bbas un pien\u0101kumus.<br \/>16. Lietot\u0101jam ir ties\u012bbas:<br \/>16.1. sa\u0146emt inform\u0101ciju par saviem datiem un \u0161o datu apstr\u0101di no Pal\u012bdz\u0113sim.lv \u00a0atbilsto\u0161i sp\u0113k\u0101 eso\u0161ajiem normat\u012bvajiem ties\u012bbu aktiem;<br \/>16.2. piek\u013c\u016bt lietot\u0101ja datiem, l\u016bgt to labo\u0161anu vai dz\u0113\u0161anu, ja to pie\u013cauj sp\u0113k\u0101 eso\u0161ie normat\u012bvie ties\u012bbu akti;<br \/>16.3. iebilst pret lietot\u0101ja datu apstr\u0101di;<br \/>16.4. uz lietot\u0101ja datu p\u0101rnesam\u012bbu;<br \/>16.5. piepras\u012bt savu datu apstr\u0101des p\u0101rtrauk\u0161anu vai ierobe\u017eo\u0161anu, ja \u0161\u0101da ties\u012bba izriet no Latvijas Republik\u0101 sp\u0113k\u0101 eso\u0161ajiem normat\u012bvajiem ties\u012bbu aktiem un tas neierobe\u017eo pakalpojuma snieg\u0161anu, k\u0101 ar\u012b citas Pal\u012bdz\u0113sim.lv funkcijas, ties\u012bbas un pien\u0101kumus;<br \/>16.6. atsaukt datu apstr\u0101di, ja t\u0101s pamat\u0101 ir lietot\u0101ja piekri\u0161ana. \u0160\u0101d\u0101 gad\u012bjum\u0101 netiek ietekm\u0113ts t\u0101das apstr\u0101des likum\u012bgums, kas veikta l\u012bdz lietot\u0101ja piekri\u0161anas atsauk\u0161anai;<br \/>16.7. savu datu apstr\u0101des ties\u012bbu p\u0101rk\u0101puma gad\u012bjum\u0101 piepras\u012bt, lai persona, kas veic p\u0101rk\u0101pumu, p\u0101rtrauc \u0161\u0101du datu apstr\u0101des p\u0101rk\u0101pumu;<br \/>16.8. jebkur\u0101 laik\u0101 v\u0113rsties Datu valsts inspekcij\u0101 savu aizskarto ties\u012bbu aizst\u0101v\u012bbai.<br \/>17. Pal\u012bdz\u0113sim.lv ir ties\u012bbas vienpus\u0113ji veikt groz\u012bjumus \u0161aj\u0101 politik\u0101.<br \/>18. Lietot\u0101jam interneta vietn\u0113 www.palidzesim.lv ir pien\u0101kums p\u0101rliecin\u0101ties, ka vi\u0146\u0161 ir iepazinies ar aktu\u0101lo politikas versiju, kas tiek piem\u0113rota ikreiz, kad tiek sa\u0146emts pakalpojums.<\/p>\r\n\r\n\r\n","protected":false},"excerpt":{"rendered":"<p>Kas m\u0113s esam Esam Amerikas savienotaj\u0101s valst\u012bs b\u0101z\u0113ta bezpe\u013c\u0146as organiz\u0101cija: https:\/\/brigittaspromise.org\/. Cie\u0161\u0101 sadarb\u012bb\u0101 ar Latvijas labdar\u012bbas organiz\u0101ciju\u00a0 \u00a0&#8220;Pal\u012bdz\u0113sim.lv&#8221;\u00a0 www.palidzesim.lv piesaist\u0101m ziedojumus, lai pal\u012bdz\u0113tu Latvij\u0101 dz\u012bvojo\u0161iem b\u0113rniem, jaunie\u0161iem un vi\u0146u \u0123imen\u0113m.\u00a0 1. Nodibin\u0101juma \u201cPal\u012bdz\u0113sim.lv\u201d \u00a0priv\u0101tuma politika nosaka to, k\u0101dus personas datus un k\u0101diem nol\u016bkiem Pal\u012bdz\u0113sim.lv apstr\u0101d\u0101, taj\u0101 skait\u0101 nosaka personas datu apstr\u0101des apjomu, aizsardz\u012bbu, apstr\u0101des termi\u0146u [&hellip;]<\/p>\n","protected":false},"author":1,"featured_media":0,"parent":0,"menu_order":0,"comment_status":"closed","ping_status":"closed","template":"","meta":{"footnotes":""},"class_list":["post-497","page","type-page","status-publish","hentry"],"acf":[],"yoast_head":"<!-- This site is optimized with the Yoast SEO plugin v21.6 - https:\/\/yoast.com\/wordpress\/plugins\/seo\/ -->\n<title>Priv\u0101tuma politika - brigitta&#039;s Promise<\/title>\n<meta name=\"robots\" content=\"index, follow, max-snippet:-1, max-image-preview:large, max-video-preview:-1\" \/>\n<link rel=\"canonical\" href=\"https:\/\/brigittaspromise.org\/lv\/privacy-policy\/\" \/>\n<meta property=\"og:locale\" content=\"lv_LV\" \/>\n<meta property=\"og:type\" content=\"article\" \/>\n<meta property=\"og:title\" content=\"Priv\u0101tuma politika - brigitta&#039;s Promise\" \/>\n<meta property=\"og:description\" content=\"Kas m\u0113s esam Esam Amerikas savienotaj\u0101s valst\u012bs b\u0101z\u0113ta bezpe\u013c\u0146as organiz\u0101cija: https:\/\/brigittaspromise.org\/. Cie\u0161\u0101 sadarb\u012bb\u0101 ar Latvijas labdar\u012bbas organiz\u0101ciju\u00a0 \u00a0&#8220;Pal\u012bdz\u0113sim.lv&#8221;\u00a0 www.palidzesim.lv piesaist\u0101m ziedojumus, lai pal\u012bdz\u0113tu Latvij\u0101 dz\u012bvojo\u0161iem b\u0113rniem, jaunie\u0161iem un vi\u0146u \u0123imen\u0113m.\u00a0 1. Nodibin\u0101juma \u201cPal\u012bdz\u0113sim.lv\u201d \u00a0priv\u0101tuma politika nosaka to, k\u0101dus personas datus un k\u0101diem nol\u016bkiem Pal\u012bdz\u0113sim.lv apstr\u0101d\u0101, taj\u0101 skait\u0101 nosaka personas datu apstr\u0101des apjomu, aizsardz\u012bbu, apstr\u0101des termi\u0146u [&hellip;]\" \/>\n<meta property=\"og:url\" content=\"https:\/\/brigittaspromise.org\/lv\/privacy-policy\/\" \/>\n<meta property=\"og:site_name\" content=\"brigitta&#039;s Promise\" \/>\n<meta property=\"article:modified_time\" content=\"2024-10-02T12:52:24+00:00\" \/>\n<meta property=\"og:image\" content=\"https:\/\/brigittaspromise.org\/wp-content\/uploads\/2021\/07\/brigittas_share.jpg\" \/>\n\t<meta property=\"og:image:width\" content=\"1200\" \/>\n\t<meta property=\"og:image:height\" content=\"630\" \/>\n\t<meta property=\"og:image:type\" content=\"image\/jpeg\" \/>\n<meta name=\"twitter:card\" content=\"summary_large_image\" \/>\n<meta name=\"twitter:label1\" content=\"Est. reading time\" \/>\n\t<meta name=\"twitter:data1\" content=\"3 minutes\" \/>\n<script type=\"application\/ld+json\" class=\"yoast-schema-graph\">{\"@context\":\"https:\/\/schema.org\",\"@graph\":[{\"@type\":\"WebPage\",\"@id\":\"https:\/\/brigittaspromise.org\/lv\/privacy-policy\/\",\"url\":\"https:\/\/brigittaspromise.org\/lv\/privacy-policy\/\",\"name\":\"Priv\u0101tuma politika - brigitta&#039;s Promise\",\"isPartOf\":{\"@id\":\"https:\/\/brigittaspromise.org\/lv\/#website\"},\"datePublished\":\"2020-05-29T18:37:43+00:00\",\"dateModified\":\"2024-10-02T12:52:24+00:00\",\"breadcrumb\":{\"@id\":\"https:\/\/brigittaspromise.org\/lv\/privacy-policy\/#breadcrumb\"},\"inLanguage\":\"lv-LV\",\"potentialAction\":[{\"@type\":\"ReadAction\",\"target\":[\"https:\/\/brigittaspromise.org\/lv\/privacy-policy\/\"]}]},{\"@type\":\"BreadcrumbList\",\"@id\":\"https:\/\/brigittaspromise.org\/lv\/privacy-policy\/#breadcrumb\",\"itemListElement\":[{\"@type\":\"ListItem\",\"position\":1,\"name\":\"S\u0101kums\",\"item\":\"https:\/\/brigittaspromise.org\/lv\/\"},{\"@type\":\"ListItem\",\"position\":2,\"name\":\"Priv\u0101tuma politika\"}]},{\"@type\":\"WebSite\",\"@id\":\"https:\/\/brigittaspromise.org\/lv\/#website\",\"url\":\"https:\/\/brigittaspromise.org\/lv\/\",\"name\":\"brigitta&#039;s Promise\",\"description\":\"\",\"potentialAction\":[{\"@type\":\"SearchAction\",\"target\":{\"@type\":\"EntryPoint\",\"urlTemplate\":\"https:\/\/brigittaspromise.org\/lv\/?s={search_term_string}\"},\"query-input\":\"required name=search_term_string\"}],\"inLanguage\":\"lv-LV\"}]}<\/script>\n<!-- \/ Yoast SEO plugin. -->","yoast_head_json":{"title":"Priv\u0101tuma politika - brigitta&#039;s Promise","robots":{"index":"index","follow":"follow","max-snippet":"max-snippet:-1","max-image-preview":"max-image-preview:large","max-video-preview":"max-video-preview:-1"},"canonical":"https:\/\/brigittaspromise.org\/lv\/privacy-policy\/","og_locale":"lv_LV","og_type":"article","og_title":"Priv\u0101tuma politika - brigitta&#039;s Promise","og_description":"Kas m\u0113s esam Esam Amerikas savienotaj\u0101s valst\u012bs b\u0101z\u0113ta bezpe\u013c\u0146as organiz\u0101cija: https:\/\/brigittaspromise.org\/. Cie\u0161\u0101 sadarb\u012bb\u0101 ar Latvijas labdar\u012bbas organiz\u0101ciju\u00a0 \u00a0&#8220;Pal\u012bdz\u0113sim.lv&#8221;\u00a0 www.palidzesim.lv piesaist\u0101m ziedojumus, lai pal\u012bdz\u0113tu Latvij\u0101 dz\u012bvojo\u0161iem b\u0113rniem, jaunie\u0161iem un vi\u0146u \u0123imen\u0113m.\u00a0 1. Nodibin\u0101juma \u201cPal\u012bdz\u0113sim.lv\u201d \u00a0priv\u0101tuma politika nosaka to, k\u0101dus personas datus un k\u0101diem nol\u016bkiem Pal\u012bdz\u0113sim.lv apstr\u0101d\u0101, taj\u0101 skait\u0101 nosaka personas datu apstr\u0101des apjomu, aizsardz\u012bbu, apstr\u0101des termi\u0146u [&hellip;]","og_url":"https:\/\/brigittaspromise.org\/lv\/privacy-policy\/","og_site_name":"brigitta&#039;s Promise","article_modified_time":"2024-10-02T12:52:24+00:00","og_image":[{"width":1200,"height":630,"url":"https:\/\/brigittaspromise.org\/wp-content\/uploads\/2021\/07\/brigittas_share.jpg","type":"image\/jpeg"}],"twitter_card":"summary_large_image","twitter_misc":{"Est. reading time":"3 minutes"},"schema":{"@context":"https:\/\/schema.org","@graph":[{"@type":"WebPage","@id":"https:\/\/brigittaspromise.org\/lv\/privacy-policy\/","url":"https:\/\/brigittaspromise.org\/lv\/privacy-policy\/","name":"Priv\u0101tuma politika - brigitta&#039;s Promise","isPartOf":{"@id":"https:\/\/brigittaspromise.org\/lv\/#website"},"datePublished":"2020-05-29T18:37:43+00:00","dateModified":"2024-10-02T12:52:24+00:00","breadcrumb":{"@id":"https:\/\/brigittaspromise.org\/lv\/privacy-policy\/#breadcrumb"},"inLanguage":"lv-LV","potentialAction":[{"@type":"ReadAction","target":["https:\/\/brigittaspromise.org\/lv\/privacy-policy\/"]}]},{"@type":"BreadcrumbList","@id":"https:\/\/brigittaspromise.org\/lv\/privacy-policy\/#breadcrumb","itemListElement":[{"@type":"ListItem","position":1,"name":"S\u0101kums","item":"https:\/\/brigittaspromise.org\/lv\/"},{"@type":"ListItem","position":2,"name":"Priv\u0101tuma politika"}]},{"@type":"WebSite","@id":"https:\/\/brigittaspromise.org\/lv\/#website","url":"https:\/\/brigittaspromise.org\/lv\/","name":"brigitta&#039;s Promise","description":"","potentialAction":[{"@type":"SearchAction","target":{"@type":"EntryPoint","urlTemplate":"https:\/\/brigittaspromise.org\/lv\/?s={search_term_string}"},"query-input":"required name=search_term_string"}],"inLanguage":"lv-LV"}]}},"_links":{"self":[{"href":"https:\/\/brigittaspromise.org\/lv\/wp-json\/wp\/v2\/pages\/497","targetHints":{"allow":["GET"]}}],"collection":[{"href":"https:\/\/brigittaspromise.org\/lv\/wp-json\/wp\/v2\/pages"}],"about":[{"href":"https:\/\/brigittaspromise.org\/lv\/wp-json\/wp\/v2\/types\/page"}],"author":[{"embeddable":true,"href":"https:\/\/brigittaspromise.org\/lv\/wp-json\/wp\/v2\/users\/1"}],"replies":[{"embeddable":true,"href":"https:\/\/brigittaspromise.org\/lv\/wp-json\/wp\/v2\/comments?post=497"}],"version-history":[{"count":0,"href":"https:\/\/brigittaspromise.org\/lv\/wp-json\/wp\/v2\/pages\/497\/revisions"}],"wp:attachment":[{"href":"https:\/\/brigittaspromise.org\/lv\/wp-json\/wp\/v2\/media?parent=497"}],"curies":[{"name":"wp","href":"https:\/\/api.w.org\/{rel}","templated":true}]}}